{"id":340,"date":"2019-07-24T01:37:17","date_gmt":"2019-07-24T01:37:17","guid":{"rendered":"https:\/\/goya.everthemes.com\/demo-decor\/?page_id=340"},"modified":"2024-11-14T08:26:12","modified_gmt":"2024-11-14T08:26:12","slug":"hakkimizda","status":"publish","type":"page","link":"https:\/\/bukas.com.tr\/en\/hakkimizda\/","title":{"rendered":"About Us"},"content":{"rendered":"<div class=\"wpb-content-wrapper\"><div  class=\"sec_row container-fluid\"><div data-vc-parallax=\"1.5\" class=\"vc_row wpb_row vc_row-fluid no-padding align-center vc_row-has-fill vc_general vc_parallax vc_parallax-content-moving\"><div class=\"wpb_column vc_column_container vc_col-sm-12 et-light-column\"><div class=\"vc_column-inner\"><div class=\"wpb_wrapper\">\r\n\t\t<div class=\"et-banner-69e4073ce13e5 et-banner content-full  image-type-css vh-height text-color-light hover-effect hover-zoom\"  style=\"height: 70vh;\"><div class=\"et-banner-image\" role=\"img\" aria-label=\"B\u00dcKA\u015e-ORGANIC\" data-image=\"https:\/\/bukas.com.tr\/wp-content\/uploads\/2024\/03\/BUKAS-ORGANIK.jpg\" style=\"background-image: url(https:\/\/bukas.com.tr\/wp-content\/uploads\/2024\/03\/BUKAS-ORGANIK.jpg);\"><\/div>\r\n\t\t\t<div class=\"et-banner-content\">\r\n\t\t\t\t<div class=\"et-banner-content-inner container\">\r\n\t\t\t\t\t<div class=\"et-banner-text h_center v_center align_center\">\r\n\t\t\t\t\t\t<div class=\"et-banner-text-inner animated\" data-animate=\"et-fadeInUp\"><h2 class=\"et-banner-title color- xlarge\">Company Profile<\/h2><h4 class=\"et-banner-subtitle  color- text_style\">About Us<\/h4><div class=\"et-banner-paragraph\"><p>Processing what comes from nature by preserving its naturalness is an art... 56 years of \"N.B\u00dcKEY A.\u015e.\" experience reflects the peace of this art.<\/p>\n<\/div><\/div>\r\n\t\t\t\t\t<\/div>\r\n\t\t\t\t<\/div>\r\n\t\t\t<\/div>\r\n\t\t<\/div><\/div><\/div><\/div><\/div><\/div><div  class=\"sec_row container\"><div class=\"vc_row wpb_row vc_row-fluid align-center vc_custom_1579121915525\"><div class=\"wpb_column vc_column_container animation bottom-to-top vc_col-sm-12 vc_col-lg-8 et-dark-column\"><div class=\"vc_column-inner\"><div class=\"wpb_wrapper\"><div class=\"vc_row wpb_row vc_inner vc_row-fluid max_width align-center\"><div class=\"wpb_column vc_column_container vc_col-sm-12 et-dark-column\"><div class=\"vc_column-inner\"><div class=\"wpb_wrapper\">\n\t<div class=\"wpb_text_column wpb_content_element\" >\n\t\t<div class=\"wpb_wrapper\">\n\t\t\t<h2>NECDET B\u00dcKEY AGRICULTURAL PRODUCTS SAN. VE TI\u0307C. A.\u015e.<\/h2>\n\n\t\t<\/div>\n\t<\/div>\n\n\t<div class=\"wpb_text_column wpb_content_element\" >\n\t\t<div class=\"wpb_wrapper\">\n\t\t\t<p>N.B\u00fckey A.\u015e., a family company, was founded in 1965 in Izmir by the late Necdet B\u00fckey, a well-known businessman and industrialist.<\/p>\n<p>Processing what comes from nature by preserving its naturalness is an art... 56 years of \"N.B\u00dcKEY A.\u015e.\" experience reflects the peace of this art.<\/p>\n<p>Organic certified agricultural products, dried fruits, aromatic plants, plant seeds and roots, herbal teas, mixed herbal and fruit teas, natural herbal oils and plant-derived proteins have made N. B\u00dcKEY A.\u015e. one of the first nutraceutical manufacturers and exporters in Turkey.<\/p>\n<p>N.B\u00fckey A.\u015e. has turned to organic agriculture with the idea of protecting ecological life, natural resources, biodiversity and leaving a healthy environment for future generations. Starting in 1990 with one product, new organic projects have been added every year. In addition, Necdet B\u00fckey Farm, one of the first pilot organic farms in Turkey, covering 500 decares of land, produces various fruits and vegetables with organic certificates.<\/p>\n<p>The company works with approved and internationally recognized organic certification bodies for control and certification procedures in organic production.<\/p>\n<p>N.B\u00fckey A.\u015e. has added new topics in recent years with the idea of continuing its efforts to make the natural resources of our country utilizable with the right and high added value, with more technological products.<\/p>\n<p>With the German - American origin cold press oil production technology that it has invested in, it has broken new ground in Turkey.<\/p>\n<p>Cold pressed oil production, although a low yield technique, is the leading technique for producing the highest quality oils where health and quality are the objectives. Due to its technology, this type of oil is not exposed to heat and chemicals and can be used for food, pharmaceutical and cosmetic purposes.<\/p>\n<p>The nutraceutical products produced by N.B\u00dcKEY A.\u015e., whose principle is to process essential nutrients without denaturing them and to serve public health by presenting them in their natural form, include oils such as flax, sesame, nettle seed, pumpkin seed, apricot seed, laurel seed, soybeans, flax seed and nettle seed in granule and powder form, rich in protein and low in fat content.<\/p>\n<p>T\u00fcm bu \u00fcr\u00fcnler, g\u0131da g\u00fcvenli\u011fi y\u00f6netim politikas\u0131 do\u011frultusunda, Kemalpa\u015fa Organize Sanayi i\u00e7erisindeki toplam 18.000 m\u00b2 kapal\u0131 alana sahip tesisimizde, konusunda uzman teknik ekip g\u00f6zetiminde \u00fcretilmektedir.<\/p>\n<p>Since 10.06.2009, it has fulfilled the requirements according to T\u00dcV NORD CERT's audit and certification procedures and has been awarded the Food Safety Management System Certificate according to ISO 22000:2005.<\/p>\n<p>N.B\u00dcKEY A.\u015e., whose main field of activity is exports, made its first introduction to the domestic market with the B\u00dcKA\u015e brand at the \u0130zmir Healthy Life fair in September 2003.<\/p>\n<p>N. B\u00dcKEY A.\u015e.'s products with B\u00dcKA\u015e registered trademark are sold in selected pharmacies, natural and ecological product sales centers as well as on the internet.<\/p>\n\n\t\t<\/div>\n\t<\/div>\n<\/div><\/div><\/div><\/div><div class=\"vc_row wpb_row vc_inner vc_row-fluid max_width align-center\"><div class=\"wpb_column vc_column_container vc_col-sm-4 et-dark-column\"><div class=\"vc_column-inner\"><div class=\"wpb_wrapper\">\n\t<div class=\"wpb_text_column wpb_content_element\" >\n\t\t<div class=\"wpb_wrapper\">\n\t\t\t<h4 class=\"vc_custom_heading\">our quality and food safety policy<\/h4>\n\n\t\t<\/div>\n\t<\/div>\n<\/div><\/div><\/div><div class=\"wpb_column vc_column_container vc_col-sm-8 et-dark-column\"><div class=\"vc_column-inner\"><div class=\"wpb_wrapper\">\n\t<div class=\"wpb_text_column wpb_content_element\" >\n\t\t<div class=\"wpb_wrapper\">\n\t\t\t<p>NECDET B\u00dcKEY A.\u015e, WITH THE MISSION OF PROTECTING ECOLOGICAL LIFE, NATURAL RESOURCES, BIOLOGICAL DIVERSITY AND LEAVING A HEALTHY WORLD FOR FUTURE GENERATIONS AND MORE THAN FIFTY YEARS OF EXPERIENCE IN THE SECTOR, ORGANIC CERTIFIED - CONVENTIONAL AROMATIC HERBS, DRIED FRUITS, COLD PRESSED OILS AND HERBAL PRODUCTS ARE PRODUCED, PACKAGED AND SOLD DOMESTICALLY AND INTERNATIONALLY.<\/p>\n<p>TO PRODUCE RELIABLE, AUTHENTIC, QUALITY PRODUCTS IN ACCORDANCE WITH THE REQUIREMENTS OF ISO 22000:2018 FOOD SAFETY MANAGEMENT SYSTEM STANDARD, CURRENT NATIONAL AND INTERNATIONAL LEGISLATION, COMMUNIQU\u00c9S, LAWS AND GOOD MANUFACTURING PRACTICES,<br \/>\nTO CONTINUOUSLY IMPROVE OUR PRODUCTS, PRODUCTION, TECHNOLOGY AND BUSINESS IN LINE WITH THEIR DEMANDS AND REQUESTS BY KEEPING OUR RELATIONS WITH OUR CUSTOMERS ACTIVE AND TO ENSURE THE SATISFACTION OF OUR CUSTOMERS,<br \/>\nESTABLISHING EFFECTIVE COMMUNICATION WITH INTERNAL AND EXTERNAL PARTIES IN ALL PROCESSES FROM RAW MATERIAL PROCUREMENT TO OUR CUSTOMERS, AND EVALUATING RISKS AND OPPORTUNITIES RELATED TO OUR ACTIVITIES, OUR MAIN POLICY IS TO CONTINUOUSLY IMPROVE PROCESS PERFORMANCES, TO RAISE AWARENESS OF OUR EMPLOYEES, TO CREATE TARGETS IN THIS DIRECTION, TO PROVIDE THE NECESSARY RESOURCES AND TO FOLLOW UP.<\/p>\n\n\t\t<\/div>\n\t<\/div>\n<\/div><\/div><\/div><\/div><\/div><\/div><\/div><\/div><\/div>\n<\/div>","protected":false},"excerpt":{"rendered":"Firma ProfiliHakk\u0131m\u0131zdaDo\u011fadan geleni, do\u011fall\u0131\u011f\u0131n\u0131 koruyarak i\u015flemek bir sanatt\u0131r\u2026 56 y\u0131ll\u0131k \u201cN.B\u00dcKEY A.\u015e.\u2019\u2019 deneyimi bu sanat\u0131n huzurunu yans\u0131t\u0131yor. NECDET B\u00dcKEY TARIM \u00dcR\u00dcNLER\u0130 SAN. VE T\u0130C. A.\u015e. Bir aile \u015firketi olan N.B\u00fckey A.\u015e., 1965 y\u0131l\u0131nda, tan\u0131nm\u0131\u015f i\u015fadam\u0131, sanayici merhum Necdet B\u00fckey taraf\u0131ndan \u0130zmir\u2019de kurulmu\u015ftur. Do\u011fadan geleni, do\u011fall\u0131\u011f\u0131n\u0131 koruyarak i\u015flemek bir sanatt\u0131r\u2026 56 [...]","protected":false},"author":1,"featured_media":0,"parent":0,"menu_order":0,"comment_status":"closed","ping_status":"closed","template":"","meta":{"om_disable_all_campaigns":false,"footnotes":""},"class_list":["post-340","page","type-page","status-publish","hentry"],"_links":{"self":[{"href":"https:\/\/bukas.com.tr\/en\/wp-json\/wp\/v2\/pages\/340","targetHints":{"allow":["GET"]}}],"collection":[{"href":"https:\/\/bukas.com.tr\/en\/wp-json\/wp\/v2\/pages"}],"about":[{"href":"https:\/\/bukas.com.tr\/en\/wp-json\/wp\/v2\/types\/page"}],"author":[{"embeddable":true,"href":"https:\/\/bukas.com.tr\/en\/wp-json\/wp\/v2\/users\/1"}],"replies":[{"embeddable":true,"href":"https:\/\/bukas.com.tr\/en\/wp-json\/wp\/v2\/comments?post=340"}],"version-history":[{"count":2,"href":"https:\/\/bukas.com.tr\/en\/wp-json\/wp\/v2\/pages\/340\/revisions"}],"predecessor-version":[{"id":6736,"href":"https:\/\/bukas.com.tr\/en\/wp-json\/wp\/v2\/pages\/340\/revisions\/6736"}],"wp:attachment":[{"href":"https:\/\/bukas.com.tr\/en\/wp-json\/wp\/v2\/media?parent=340"}],"curies":[{"name":"wp","href":"https:\/\/api.w.org\/{rel}","templated":true}]}}