{"id":341,"date":"2019-07-24T01:37:22","date_gmt":"2019-07-24T01:37:22","guid":{"rendered":"https:\/\/goya.everthemes.com\/demo-decor\/?page_id=341"},"modified":"2024-04-03T14:11:23","modified_gmt":"2024-04-03T14:11:23","slug":"satis-noktalari","status":"publish","type":"page","link":"https:\/\/bukas.com.tr\/en\/satis-noktalari\/","title":{"rendered":"Points of Sale"},"content":{"rendered":"<div class=\"wpb-content-wrapper\"><div  class=\"sec_row container\"><div class=\"vc_row wpb_row vc_row-fluid align-center vc_custom_1579122375341\"><div class=\"wpb_column vc_column_container vc_col-sm-12 et-dark-column\"><div class=\"vc_column-inner\"><div class=\"wpb_wrapper\"><div class=\"vc_row wpb_row vc_inner vc_row-fluid max_width\"><div class=\"wpb_column vc_column_container animation bottom-to-top vc_col-sm-12 et-dark-column\"><div class=\"vc_column-inner\"><div class=\"wpb_wrapper\">\n\t<div class=\"wpb_text_column wpb_content_element   vc_custom_1710161255013\" >\n\t\t<div class=\"wpb_wrapper\">\n\t\t\t<h5 style=\"text-align: center;\"><span class=\"fancy-title accent-color\">Location<\/span><\/h5>\n<h1 style=\"text-align: center;\">Points of Sale<\/h1>\n\n\t\t<\/div>\n\t<\/div>\n<\/div><\/div><\/div><\/div><\/div><\/div><\/div><\/div><\/div><div  class=\"sec_row container-fluid\"><div data-vc-parallax=\"1.5\" data-vc-parallax-image=\"\" class=\"vc_row wpb_row vc_row-fluid no-padding vc_custom_1579024524746 vc_row-has-fill vc_general vc_parallax vc_parallax-content-moving\"><div class=\"wpb_column vc_column_container vc_col-sm-12 et-dark-column\"><div class=\"vc_column-inner\"><div class=\"wpb_wrapper\"><div class=\"vc_row wpb_row vc_inner vc_row-fluid max_width align-center\"><div class=\"wpb_column vc_column_container animation left-to-right vc_col-sm-12 vc_col-lg-4 et-dark-column\"><div class=\"vc_column-inner  vc_custom_1564007846427\"><div class=\"wpb_wrapper\">\n\t<div class=\"wpb_text_column wpb_content_element\" >\n\t\t<div class=\"wpb_wrapper\">\n\t\t\t<h2>ANABAYI<\/h2>\n<p>HERBARIUM MARKETING FOOD IMPORT. EXPORT. SAN. VE TI\u0307C. LTD. CO.<\/p>\n\n\t\t<\/div>\n\t<\/div>\n\n\t<div class=\"wpb_text_column wpb_content_element   vc_custom_1712153325875\" >\n\t\t<div class=\"wpb_wrapper\">\n\t\t\t<p>Kemalpasa OSB Mah.<br \/>\nIzmir Ankara street.<br \/>\nNo:47\/1 35730 Kemalpa\u015fa - \u0130ZM\u0130R<br \/>\nTel: 0232 433 64 86 - 457 20 93 - 449 95 98<br \/>\nFax: 0232 457 57 82<br \/>\ne-mail: siparis@bukas.com.tr<\/p>\n\n\t\t<\/div>\n\t<\/div>\n<\/div><\/div><\/div><div class=\"wpb_column vc_column_container animation right-to-left vc_col-sm-12 vc_col-lg-5 et-dark-column\"><div class=\"vc_column-inner\"><div class=\"wpb_wrapper\">\t<div id=\"et-content-carousel-272\" class=\"row et-content-carousel slick regular-padding\" data-center=\"\" data-columns=\"1\" data-autoplay=\"\" data-fade=\"false\" data-autoplay-speed=\"\" data-pause=\"\" data-navigation=\"\" data-pagination=\"\" data-infinite=\"false\">\n\t\t<div class=\"vc_tta-container\" data-vc-action=\"collapse\"><div class=\"vc_general vc_tta vc_tta-tabs vc_tta-o-shape-group vc_tta-tabs-position-top vc_tta-controls-align-left\"><div class=\"vc_tta-tabs-container\"><ul class=\"vc_tta-tabs-list\"><li class=\"vc_tta-tab vc_active\" data-vc-tab><a href=\"#1710162736920-f5a5a413-1663\" data-vc-tabs data-vc-container=\".vc_tta\"><span class=\"vc_tta-title-text\">Izmir<\/span><\/a><\/li><li class=\"vc_tta-tab\" data-vc-tab><a href=\"#1710162736928-2bd27e1a-c25d\" data-vc-tabs data-vc-container=\".vc_tta\"><span class=\"vc_tta-title-text\">Istanbul<\/span><\/a><\/li><\/ul><\/div><div class=\"vc_tta-panels-container\"><div class=\"vc_tta-panels\"><div class=\"vc_tta-panel vc_active\" id=\"1710162736920-f5a5a413-1663\" data-vc-content=\".vc_tta-panel-body\"><div class=\"vc_tta-panel-heading\"><h4 class=\"vc_tta-panel-title\"><a href=\"#1710162736920-f5a5a413-1663\" data-vc-accordion data-vc-container=\".vc_tta-container\"><span class=\"vc_tta-title-text\">Izmir<\/span><\/a><\/h4><\/div><div class=\"vc_tta-panel-body\">\n\t<div class=\"wpb_text_column wpb_content_element\" >\n\t\t<div class=\"wpb_wrapper\">\n\t\t\t<p><strong>Natural Ecological Products<\/strong><br \/>\nK\u00fclt\u00fcr Mah. Plevne Bulvar\u0131 No:36\/B, Alsancak\/\u0130ZM\u0130R<br \/>\n0232 421 98 88<\/p>\n<p><strong>\u00a0<\/strong><\/p>\n<p><strong>\u00a0<\/strong><\/p>\n<p>&nbsp;<\/p>\n<p><strong>\u00a0<\/strong><\/p>\n<p><strong>\u00a0<\/strong><\/p>\n<p><strong>\u00a0<\/strong><\/p>\n\n\t\t<\/div>\n\t<\/div>\n<\/div><\/div><div class=\"vc_tta-panel\" id=\"1710162736928-2bd27e1a-c25d\" data-vc-content=\".vc_tta-panel-body\"><div class=\"vc_tta-panel-heading\"><h4 class=\"vc_tta-panel-title\"><a href=\"#1710162736928-2bd27e1a-c25d\" data-vc-accordion data-vc-container=\".vc_tta-container\"><span class=\"vc_tta-title-text\">Istanbul<\/span><\/a><\/h4><\/div><div class=\"vc_tta-panel-body\">\n\t<div class=\"wpb_text_column wpb_content_element\" >\n\t\t<div class=\"wpb_wrapper\">\n\t\t\t\n\t\t<\/div>\n\t<\/div>\n<\/div><\/div><\/div><\/div><\/div><\/div>\t<\/div>\n\t\t\n\t<\/div><\/div><\/div><\/div><\/div><\/div><\/div><\/div><\/div>\n<\/div>","protected":false},"excerpt":{"rendered":"Konum Sat\u0131\u015f Noktalar\u0131 ANABAY\u0130 HERBARYUM PAZARLAMA GIDA \u0130TH. \u0130HR. SAN. VE T\u0130C. LTD. \u015eT\u0130. Kemalpa\u015fa OSB Mah. \u0130zmir Ankara cad. No:47\/1\u00a0 35730 Kemalpa\u015fa \u2013 \u0130ZM\u0130R Tel: 0232 433 64 86 \u2013 457 20 93 \u2013 449 95 98 Faks: 0232 457 57 82 e-mail: siparis@bukas.com.tr \u0130zmir\u0130stanbul\u0130zmir Naturel Ekolojik \u00dcr\u00fcnler K\u00fclt\u00fcr [...]","protected":false},"author":1,"featured_media":0,"parent":0,"menu_order":0,"comment_status":"closed","ping_status":"closed","template":"","meta":{"om_disable_all_campaigns":false,"footnotes":""},"class_list":["post-341","page","type-page","status-publish","hentry"],"_links":{"self":[{"href":"https:\/\/bukas.com.tr\/en\/wp-json\/wp\/v2\/pages\/341","targetHints":{"allow":["GET"]}}],"collection":[{"href":"https:\/\/bukas.com.tr\/en\/wp-json\/wp\/v2\/pages"}],"about":[{"href":"https:\/\/bukas.com.tr\/en\/wp-json\/wp\/v2\/types\/page"}],"author":[{"embeddable":true,"href":"https:\/\/bukas.com.tr\/en\/wp-json\/wp\/v2\/users\/1"}],"replies":[{"embeddable":true,"href":"https:\/\/bukas.com.tr\/en\/wp-json\/wp\/v2\/comments?post=341"}],"version-history":[{"count":2,"href":"https:\/\/bukas.com.tr\/en\/wp-json\/wp\/v2\/pages\/341\/revisions"}],"predecessor-version":[{"id":6638,"href":"https:\/\/bukas.com.tr\/en\/wp-json\/wp\/v2\/pages\/341\/revisions\/6638"}],"wp:attachment":[{"href":"https:\/\/bukas.com.tr\/en\/wp-json\/wp\/v2\/media?parent=341"}],"curies":[{"name":"wp","href":"https:\/\/api.w.org\/{rel}","templated":true}]}}