{"id":6055,"date":"2024-03-02T14:58:49","date_gmt":"2024-03-02T14:58:49","guid":{"rendered":"https:\/\/bukas.com.tr\/?post_type=product&#038;p=6055"},"modified":"2025-01-08T06:17:01","modified_gmt":"2025-01-08T06:17:01","slug":"ceviz-yagi","status":"publish","type":"product","link":"https:\/\/bukas.com.tr\/en\/product\/ceviz-yagi\/","title":{"rendered":"Walnut Oil"},"content":{"rendered":"<p>Natural Oils \/ Walnut Oil<\/p>\n<table class=\"text\" border=\"0\" width=\"100%\" cellspacing=\"0\" cellpadding=\"3\">\n<tbody>\n<tr valign=\"top\">\n<td><strong>Production Technique<\/strong><\/td>\n<td>Cold Press (Produced by mechanical method without heat treatment)<\/td>\n<\/tr>\n<tr valign=\"top\">\n<td><strong>Table of Contents<\/strong><\/td>\n<td>% 100 Walnut Oil. Does not contain additives and preservatives.<\/td>\n<\/tr>\n<tr valign=\"top\">\n<td><strong>Packaging<\/strong><\/td>\n<td>Honey-colored medicine bottle + Cylinder<\/td>\n<\/tr>\n<tr valign=\"top\">\n<td><strong>Fatty Acids Composition<br \/>\n( % )<\/strong><\/td>\n<td><strong>Saturated Fatty Acids<\/strong><\/p>\n<ul>\n<li>\u00a0\u00a0\u00a0\u00a0\u00a0Palmitic Acid 6.65<\/li>\n<li>\u00a0 \u00a0 \u00a0Palmitoleic Acid 0.14<\/li>\n<li>\u00a0 \u00a0 \u00a0Stearic Acid 2.92<\/li>\n<\/ul>\n<p><strong>Unsaturated Fatty Acids<\/strong><\/p>\n<ul>\n<li>\u00a0\u00a0\u00a0\u00a0\u00a0Oleic Acid 18.71 ( Omega 9 )<\/li>\n<li>\u00a0 \u00a0 \u00a0Linoleic Acid 57,50 ( Omega 6 )<\/li>\n<li>\u00a0 \u00a0 \u00a0Linolenic Acid 13.78 ( Omega 3 )<\/li>\n<li>\u00a0 \u00a0 \u00a0Arachidic Acid 0.11<\/li>\n<li>\u00a0 \u00a0 \u00a0Echosenoic Acid 0.19<\/li>\n<\/ul>\n<\/td>\n<\/tr>\n<tr valign=\"top\">\n<td><strong>Storage Conditions<\/strong><\/td>\n<td>Store in the refrigerator after opening.<\/td>\n<\/tr>\n<tr valign=\"top\">\n<td><strong>How to use<\/strong><\/td>\n<td>It should be consumed without heat treatment.<\/td>\n<\/tr>\n<\/tbody>\n<\/table>\n<p>&nbsp;<\/p>","protected":false},"excerpt":{"rendered":"<p>Available in 50 ml. packages.<\/p>\n<p><strong>Expert Opinion<\/strong><\/p>\n<p>Latin Name : Juglans regia L.<br \/>\nTurkish Plant Name : Walnut<br \/>\nDrog Name : Juglandis regiae nucum Oleum (Walnut Oil)<\/p>\n<ul>\n<li>Ceviz Ya\u011f\u0131 i\u00e7eri\u011finde doymam\u0131\u015f ya\u011f asitlerinden Linoleik asit (Omega-6) %57,50 , Linolenik asit ( Omega-3) %13,78, Oleik asit ( Omega-9) %18,71 oran\u0131nda bulunmaktad\u0131r. Ayr\u0131ca Ara\u015fidik ve Ekosenoik asitler de d\u00fc\u015f\u00fck oranda da olsa doymam\u0131\u015f ya\u011f asitleri olarak bulunurlar.<\/li>\n<li>Among saturated fatty acids, palmitic acid %6.65, stearic acid % 2.92 and palmitoleic acid %0.14 are very low.<\/li>\n<li>Walnut Oil is registered to be used as a functional food.<\/li>\n<li>Allergic reactions may be observed in hypersensitive people.<\/li>\n<\/ul>","protected":false},"featured_media":6056,"comment_status":"open","ping_status":"closed","template":"","meta":{"om_disable_all_campaigns":false},"product_brand":[],"product_cat":[169],"product_tag":[171,172,190,173,174,175,176,191,177,178,179,180,181,183,184,185,186],"class_list":{"0":"post-6055","1":"product","2":"type-product","3":"status-publish","4":"has-post-thumbnail","6":"product_cat-dogal-yaglar","7":"product_tag-bitkisel-yag","8":"product_tag-bukas","9":"product_tag-ceviz-yagi","10":"product_tag-dogal","11":"product_tag-dogal-yag","12":"product_tag-ekolojik","13":"product_tag-katkisiz","14":"product_tag-kuru-cilt-bakimi","15":"product_tag-naturel","16":"product_tag-omega-3","17":"product_tag-omega-6","18":"product_tag-omega-9","19":"product_tag-organik","20":"product_tag-organik-yag","21":"product_tag-sabit-yag","22":"product_tag-sizma","23":"product_tag-soguk-pres","25":"first","26":"outofstock","27":"shipping-taxable","28":"purchasable","29":"product-type-simple"},"_links":{"self":[{"href":"https:\/\/bukas.com.tr\/en\/wp-json\/wp\/v2\/product\/6055","targetHints":{"allow":["GET"]}}],"collection":[{"href":"https:\/\/bukas.com.tr\/en\/wp-json\/wp\/v2\/product"}],"about":[{"href":"https:\/\/bukas.com.tr\/en\/wp-json\/wp\/v2\/types\/product"}],"replies":[{"embeddable":true,"href":"https:\/\/bukas.com.tr\/en\/wp-json\/wp\/v2\/comments?post=6055"}],"version-history":[{"count":1,"href":"https:\/\/bukas.com.tr\/en\/wp-json\/wp\/v2\/product\/6055\/revisions"}],"predecessor-version":[{"id":6763,"href":"https:\/\/bukas.com.tr\/en\/wp-json\/wp\/v2\/product\/6055\/revisions\/6763"}],"wp:featuredmedia":[{"embeddable":true,"href":"https:\/\/bukas.com.tr\/en\/wp-json\/wp\/v2\/media\/6056"}],"wp:attachment":[{"href":"https:\/\/bukas.com.tr\/en\/wp-json\/wp\/v2\/media?parent=6055"}],"wp:term":[{"taxonomy":"product_brand","embeddable":true,"href":"https:\/\/bukas.com.tr\/en\/wp-json\/wp\/v2\/product_brand?post=6055"},{"taxonomy":"product_cat","embeddable":true,"href":"https:\/\/bukas.com.tr\/en\/wp-json\/wp\/v2\/product_cat?post=6055"},{"taxonomy":"product_tag","embeddable":true,"href":"https:\/\/bukas.com.tr\/en\/wp-json\/wp\/v2\/product_tag?post=6055"}],"curies":[{"name":"wp","href":"https:\/\/api.w.org\/{rel}","templated":true}]}}