{"id":6073,"date":"2024-03-02T15:41:50","date_gmt":"2024-03-02T15:41:50","guid":{"rendered":"https:\/\/bukas.com.tr\/?post_type=product&#038;p=6073"},"modified":"2026-01-07T14:47:40","modified_gmt":"2026-01-07T14:47:40","slug":"isirganotu-tohumu-yagi","status":"publish","type":"product","link":"https:\/\/bukas.com.tr\/en\/product\/isirganotu-tohumu-yagi\/","title":{"rendered":"Nettle Seed Oil"},"content":{"rendered":"<p>Natural Oils \/ Nettle Seed Oil<\/p>\n<table class=\"text\" border=\"0\" width=\"100%\" cellspacing=\"0\" cellpadding=\"3\">\n<tbody>\n<tr valign=\"top\">\n<td><strong>Production Technique<\/strong><\/td>\n<td>Cold Press (Produced by mechanical method without heat treatment)<\/td>\n<\/tr>\n<tr valign=\"top\">\n<td><strong>Table of Contents<\/strong><\/td>\n<td>% 100 Nettle Seed Oil . Does not contain additives and preservatives.<\/td>\n<\/tr>\n<tr valign=\"top\">\n<td><strong>Packaging<\/strong><\/td>\n<td>Honey-colored medicine bottle + Cylinder<\/td>\n<\/tr>\n<tr valign=\"top\">\n<td><strong>Fatty Acids Composition<br \/>\n( % )<\/strong><\/td>\n<td><strong>Saturated Fatty Acids<\/strong><\/p>\n<ul>\n<li>Palmitic Acid 7.77<\/li>\n<li>Stearic Acid 2.86<\/li>\n<\/ul>\n<p><strong>Unsaturated Fatty Acids<\/strong><\/p>\n<ul>\n<li>Oleic Acid 15.36 ( Omega 9 )<\/li>\n<li>Linoleic Acid 72,81 ( Omega 6 )<\/li>\n<li>Linolenic Acid 0.59 ( Omega 3 )<\/li>\n<li>Arachidic Acid 0.29<\/li>\n<li>Echosenoic Acid 0.32<\/li>\n<\/ul>\n<\/td>\n<\/tr>\n<tr valign=\"top\">\n<td><strong>Storage Conditions<\/strong><\/td>\n<td>Store in the refrigerator after opening.<\/td>\n<\/tr>\n<tr valign=\"top\">\n<td><strong>How to use<\/strong><\/td>\n<td>It should be consumed without heat treatment.<\/td>\n<\/tr>\n<\/tbody>\n<\/table>\n<p>&nbsp;<\/p>","protected":false},"excerpt":{"rendered":"<p>Available in 10 or 50 ml. packages.<\/p>\n<p><strong>Latin Plant Name : Urtica pilulifera L.<\/strong><br \/>\n<strong>Turkish Plant Name : Nettle<\/strong><br \/>\n<strong>Drog Name : Urticae Piluliferae Oleum (Nettle Seed Oil)<\/strong><\/p>\n<p>It is a fixed oil obtained from the seeds of the nettle plant (Urtica pilulifera L.) by cold pressing technique.<\/p>\n<p>Is\u0131rganotu tohumu ya\u011f\u0131 doymam\u0131\u015f ya\u011f asitlerince zengin olup (%90), yap\u0131s\u0131nda %73 oran\u0131nda Linoleik asit (Omega 6), %15 oran\u0131nda Oleik asit (Omega 9) bulundurmaktad\u0131r.<\/p>\n<p>It can be consumed alone to supplement the diet or as an additive in salads, sauces and appetizers<\/p>","protected":false},"featured_media":6076,"comment_status":"open","ping_status":"closed","template":"","meta":{"om_disable_all_campaigns":false},"product_brand":[],"product_cat":[169],"product_tag":[171,172,173,174,175,192,176,177,178,179,180,181,183,184,185,186],"class_list":{"0":"post-6073","1":"product","2":"type-product","3":"status-publish","4":"has-post-thumbnail","6":"product_cat-dogal-yaglar","7":"product_tag-bitkisel-yag","8":"product_tag-bukas","9":"product_tag-dogal","10":"product_tag-dogal-yag","11":"product_tag-ekolojik","12":"product_tag-isirganotu-tohumu-yagi","13":"product_tag-katkisiz","14":"product_tag-naturel","15":"product_tag-omega-3","16":"product_tag-omega-6","17":"product_tag-omega-9","18":"product_tag-organik","19":"product_tag-organik-yag","20":"product_tag-sabit-yag","21":"product_tag-sizma","22":"product_tag-soguk-pres","24":"first","25":"instock","26":"shipping-taxable","27":"purchasable","28":"product-type-variable"},"_links":{"self":[{"href":"https:\/\/bukas.com.tr\/en\/wp-json\/wp\/v2\/product\/6073","targetHints":{"allow":["GET"]}}],"collection":[{"href":"https:\/\/bukas.com.tr\/en\/wp-json\/wp\/v2\/product"}],"about":[{"href":"https:\/\/bukas.com.tr\/en\/wp-json\/wp\/v2\/types\/product"}],"replies":[{"embeddable":true,"href":"https:\/\/bukas.com.tr\/en\/wp-json\/wp\/v2\/comments?post=6073"}],"version-history":[{"count":1,"href":"https:\/\/bukas.com.tr\/en\/wp-json\/wp\/v2\/product\/6073\/revisions"}],"predecessor-version":[{"id":6863,"href":"https:\/\/bukas.com.tr\/en\/wp-json\/wp\/v2\/product\/6073\/revisions\/6863"}],"wp:featuredmedia":[{"embeddable":true,"href":"https:\/\/bukas.com.tr\/en\/wp-json\/wp\/v2\/media\/6076"}],"wp:attachment":[{"href":"https:\/\/bukas.com.tr\/en\/wp-json\/wp\/v2\/media?parent=6073"}],"wp:term":[{"taxonomy":"product_brand","embeddable":true,"href":"https:\/\/bukas.com.tr\/en\/wp-json\/wp\/v2\/product_brand?post=6073"},{"taxonomy":"product_cat","embeddable":true,"href":"https:\/\/bukas.com.tr\/en\/wp-json\/wp\/v2\/product_cat?post=6073"},{"taxonomy":"product_tag","embeddable":true,"href":"https:\/\/bukas.com.tr\/en\/wp-json\/wp\/v2\/product_tag?post=6073"}],"curies":[{"name":"wp","href":"https:\/\/api.w.org\/{rel}","templated":true}]}}