{"id":6082,"date":"2024-03-04T11:47:00","date_gmt":"2024-03-04T11:47:00","guid":{"rendered":"https:\/\/bukas.com.tr\/?post_type=product&#038;p=6082"},"modified":"2025-01-08T06:31:49","modified_gmt":"2025-01-08T06:31:49","slug":"kabak-cekirdegi-yagi","status":"publish","type":"product","link":"https:\/\/bukas.com.tr\/en\/product\/kabak-cekirdegi-yagi\/","title":{"rendered":"Pumpkin Seed Oil"},"content":{"rendered":"<p>Natural Oils \/ Pumpkin Seed Oil<\/p>\n<table class=\"text\" border=\"0\" width=\"100%\" cellspacing=\"0\" cellpadding=\"3\">\n<tbody>\n<tr valign=\"top\">\n<td><strong>Production Technique<\/strong><\/td>\n<td>Cold Press (Produced by mechanical method without heat treatment)<\/td>\n<\/tr>\n<tr valign=\"top\">\n<td><strong>Table of Contents<\/strong><\/td>\n<td>% 100% Pumpkin Seed Oil. Does not contain additives and preservatives.<\/td>\n<\/tr>\n<tr valign=\"top\">\n<td><strong>Packaging<\/strong><\/td>\n<td>Honey-colored medicine bottle + Cylinder<\/td>\n<\/tr>\n<tr valign=\"top\">\n<td><strong>Fatty Acids Composition<br \/>\n( % )<\/strong><\/td>\n<td><strong>Saturated Fatty Acids<\/strong><\/p>\n<ul>\n<li>Myristic Acid 0.12<\/li>\n<li>Palmitic Acid 11.77<\/li>\n<li>Margaric Acid 0.09<\/li>\n<li>Stearic Acid 6.89<\/li>\n<\/ul>\n<p><strong>Unsaturated Fatty Acids<\/strong><\/p>\n<ul>\n<li>Oleic Acid 33.64 ( Omega 9 )<\/li>\n<li>Linoleic Acid 46.51 ( Omega 6 )<\/li>\n<li>Linolenic Acid 0.18 ( Omega 3 )<\/li>\n<li>Arachidic Acid 0.46<\/li>\n<li>Echosenoic Acid 0.11<\/li>\n<li>Behenic Acid 0.12<\/li>\n<\/ul>\n<\/td>\n<\/tr>\n<tr valign=\"top\">\n<td><strong>Storage Conditions<\/strong><\/td>\n<td>Store in the refrigerator after opening.<\/td>\n<\/tr>\n<tr valign=\"top\">\n<td><strong>How to use<\/strong><\/td>\n<td>It should be consumed without heat treatment.<\/td>\n<\/tr>\n<\/tbody>\n<\/table>\n<p>&nbsp;<\/p>","protected":false},"excerpt":{"rendered":"<p><strong>Expert Opinion<\/strong><\/p>\n<p><strong>La<\/strong><strong>Thin Plant Name : C. maxima lam., C. moschata lam., C. pepo lam.<\/strong><br \/>\n<strong>Turkish Plant Name : Pumpkin<\/strong><br \/>\n<strong>Drog Name : Oleum Cucurbitae semen (Pumpkin Seed Oil)<\/strong><\/p>\n<ul>\n<li>Pumpkin seed fixed oil obtained from Cucurbita pepotohumans by cold pressing method is rich in Vitamin E (Tocopherol) Selenium, Zinc, Magnesium and Copper minerals.<\/li>\n<li>Sabit ya\u011f\u0131n %64 \u2019\u00fcn\u00fc doymam\u0131\u015f ya\u011f asitlerinden Linoleik asit (Omega 6) meydana getirir.<\/li>\n<li>It can be consumed alone to supplement the diet or as an additive in salads, sauces and appetizers<\/li>\n<\/ul>","protected":false},"featured_media":6084,"comment_status":"open","ping_status":"closed","template":"","meta":{"om_disable_all_campaigns":false},"product_brand":[],"product_cat":[169],"product_tag":[171,172,173,174,175,198,199,176,177,178,179,180,181,183,184,185,186],"class_list":{"0":"post-6082","1":"product","2":"type-product","3":"status-publish","4":"has-post-thumbnail","6":"product_cat-dogal-yaglar","7":"product_tag-bitkisel-yag","8":"product_tag-bukas","9":"product_tag-dogal","10":"product_tag-dogal-yag","11":"product_tag-ekolojik","12":"product_tag-kabak-cekirdegi-yagi","13":"product_tag-kabak-yagi","14":"product_tag-katkisiz","15":"product_tag-naturel","16":"product_tag-omega-3","17":"product_tag-omega-6","18":"product_tag-omega-9","19":"product_tag-organik","20":"product_tag-organik-yag","21":"product_tag-sabit-yag","22":"product_tag-sizma","23":"product_tag-soguk-pres","25":"first","26":"outofstock","27":"shipping-taxable","28":"purchasable","29":"product-type-simple"},"_links":{"self":[{"href":"https:\/\/bukas.com.tr\/en\/wp-json\/wp\/v2\/product\/6082","targetHints":{"allow":["GET"]}}],"collection":[{"href":"https:\/\/bukas.com.tr\/en\/wp-json\/wp\/v2\/product"}],"about":[{"href":"https:\/\/bukas.com.tr\/en\/wp-json\/wp\/v2\/types\/product"}],"replies":[{"embeddable":true,"href":"https:\/\/bukas.com.tr\/en\/wp-json\/wp\/v2\/comments?post=6082"}],"version-history":[{"count":1,"href":"https:\/\/bukas.com.tr\/en\/wp-json\/wp\/v2\/product\/6082\/revisions"}],"predecessor-version":[{"id":6675,"href":"https:\/\/bukas.com.tr\/en\/wp-json\/wp\/v2\/product\/6082\/revisions\/6675"}],"wp:featuredmedia":[{"embeddable":true,"href":"https:\/\/bukas.com.tr\/en\/wp-json\/wp\/v2\/media\/6084"}],"wp:attachment":[{"href":"https:\/\/bukas.com.tr\/en\/wp-json\/wp\/v2\/media?parent=6082"}],"wp:term":[{"taxonomy":"product_brand","embeddable":true,"href":"https:\/\/bukas.com.tr\/en\/wp-json\/wp\/v2\/product_brand?post=6082"},{"taxonomy":"product_cat","embeddable":true,"href":"https:\/\/bukas.com.tr\/en\/wp-json\/wp\/v2\/product_cat?post=6082"},{"taxonomy":"product_tag","embeddable":true,"href":"https:\/\/bukas.com.tr\/en\/wp-json\/wp\/v2\/product_tag?post=6082"}],"curies":[{"name":"wp","href":"https:\/\/api.w.org\/{rel}","templated":true}]}}