{"id":6091,"date":"2024-03-04T12:08:24","date_gmt":"2024-03-04T12:08:24","guid":{"rendered":"https:\/\/bukas.com.tr\/?post_type=product&#038;p=6091"},"modified":"2025-01-08T08:24:58","modified_gmt":"2025-01-08T08:24:58","slug":"kenevir-tohumu-yagi","status":"publish","type":"product","link":"https:\/\/bukas.com.tr\/en\/product\/kenevir-tohumu-yagi\/","title":{"rendered":"Hemp Seed Oil"},"content":{"rendered":"<p>Natural Oils \/ Hemp Seed Oil<\/p>\n<table border=\"0\" width=\"496\" cellspacing=\"1\" cellpadding=\"2\">\n<tbody>\n<tr>\n<td><strong>Production Technique<\/strong><\/td>\n<td>Cold press. Obtained by mechanical method without heat treatment and chemicals.<\/td>\n<\/tr>\n<tr>\n<td><strong>Table of Contents<\/strong><\/td>\n<td>% 100% Hemp Seed Oil.  Does not contain additives and preservatives.<\/td>\n<\/tr>\n<tr>\n<td><strong>Packaging<\/strong><\/td>\n<td>Honey-colored medicine bottle<\/td>\n<\/tr>\n<tr>\n<td><strong>Fatty Acids Composition<\/strong><\/td>\n<td><strong>Saturated Fatty Acids<\/strong><\/p>\n<ul>\n<li>Myristic Acid 0.03<\/li>\n<li>Palmitic Acid 6.42<\/li>\n<li>Arachidic Acid 0.40<\/li>\n<li>Heptadecenoic Acid 0.06<\/li>\n<li>Stearic Acid 2.80<\/li>\n<li>Lignoceric Acid 0.09<\/li>\n<\/ul>\n<p><strong>Unsaturated Fatty Acids<\/strong><\/p>\n<ul>\n<li>Oleic Acid 15.44 ( Omega 9 )<\/li>\n<li>Linoleic Acid 55,52 ( Omega 6 )<\/li>\n<li>Linolenic Acid 1,10 ( Omega 3 )<\/li>\n<li>Eicosenoic Acid 17.68<\/li>\n<li>Eicosadenoic Acid 0.05<\/li>\n<li>Palmitoleic Acid 0.10<\/li>\n<\/ul>\n<\/td>\n<\/tr>\n<tr>\n<td><strong>Storage Conditions<\/strong><\/td>\n<td>After opening, close tightly and store in refrigerator conditions.<\/td>\n<\/tr>\n<\/tbody>\n<\/table>","protected":false},"excerpt":{"rendered":"<p>Available in 50 ml. packages.<\/p>\n<p><strong>Expert Opinion<\/strong><\/p>\n<p>Drog Name :\u00a0<em>Hemp Seed Oil<br \/>\n<\/em>Latin Plant Name :\u00a0<em>\u00a0Oleum Cannabis Sativa Semen<\/em><\/p>\n<ul>\n<li>Hemp Seed, also known as Hemp Seed, is obtained by cold pressing technique without being exposed to high temperature. It does not contain preservatives and additives.<\/li>\n<li>Kenevir Tohumu Ya\u011f\u0131 doymam\u0131\u015f ya\u011f asitlerince zengin olup %55 Linoleik Asit (Omega 6), %15 Oleik Asit (Omega 9) ve % 17 Eikosenoik Asit i\u00e7eri\u011fine sahiptir.<\/li>\n<li>It is registered as a functional food.<\/li>\n<\/ul>","protected":false},"featured_media":6093,"comment_status":"open","ping_status":"closed","template":"","meta":{"om_disable_all_campaigns":false},"product_brand":[],"product_cat":[169],"product_tag":[171,172,173,174,175,176,202,203,177,178,179,180,181,183,184,185,188],"class_list":{"0":"post-6091","1":"product","2":"type-product","3":"status-publish","4":"has-post-thumbnail","6":"product_cat-dogal-yaglar","7":"product_tag-bitkisel-yag","8":"product_tag-bukas","9":"product_tag-dogal","10":"product_tag-dogal-yag","11":"product_tag-ekolojik","12":"product_tag-katkisiz","13":"product_tag-kenevir","14":"product_tag-kenevir-tohumu-yagi","15":"product_tag-naturel","16":"product_tag-omega-3","17":"product_tag-omega-6","18":"product_tag-omega-9","19":"product_tag-organik","20":"product_tag-organik-yag","21":"product_tag-sabit-yag","22":"product_tag-sizma","23":"product_tag-tatli-badem-yagi","25":"first","26":"outofstock","27":"shipping-taxable","28":"purchasable","29":"product-type-simple"},"_links":{"self":[{"href":"https:\/\/bukas.com.tr\/en\/wp-json\/wp\/v2\/product\/6091","targetHints":{"allow":["GET"]}}],"collection":[{"href":"https:\/\/bukas.com.tr\/en\/wp-json\/wp\/v2\/product"}],"about":[{"href":"https:\/\/bukas.com.tr\/en\/wp-json\/wp\/v2\/types\/product"}],"replies":[{"embeddable":true,"href":"https:\/\/bukas.com.tr\/en\/wp-json\/wp\/v2\/comments?post=6091"}],"version-history":[{"count":1,"href":"https:\/\/bukas.com.tr\/en\/wp-json\/wp\/v2\/product\/6091\/revisions"}],"predecessor-version":[{"id":6785,"href":"https:\/\/bukas.com.tr\/en\/wp-json\/wp\/v2\/product\/6091\/revisions\/6785"}],"wp:featuredmedia":[{"embeddable":true,"href":"https:\/\/bukas.com.tr\/en\/wp-json\/wp\/v2\/media\/6093"}],"wp:attachment":[{"href":"https:\/\/bukas.com.tr\/en\/wp-json\/wp\/v2\/media?parent=6091"}],"wp:term":[{"taxonomy":"product_brand","embeddable":true,"href":"https:\/\/bukas.com.tr\/en\/wp-json\/wp\/v2\/product_brand?post=6091"},{"taxonomy":"product_cat","embeddable":true,"href":"https:\/\/bukas.com.tr\/en\/wp-json\/wp\/v2\/product_cat?post=6091"},{"taxonomy":"product_tag","embeddable":true,"href":"https:\/\/bukas.com.tr\/en\/wp-json\/wp\/v2\/product_tag?post=6091"}],"curies":[{"name":"wp","href":"https:\/\/api.w.org\/{rel}","templated":true}]}}