{"id":6103,"date":"2024-03-04T12:47:47","date_gmt":"2024-03-04T12:47:47","guid":{"rendered":"https:\/\/bukas.com.tr\/?post_type=product&#038;p=6103"},"modified":"2025-01-08T06:38:00","modified_gmt":"2025-01-08T06:38:00","slug":"nar-cekirdegi-yagi","status":"publish","type":"product","link":"https:\/\/bukas.com.tr\/en\/product\/nar-cekirdegi-yagi\/","title":{"rendered":"Pomegranate Seed Oil"},"content":{"rendered":"<p>Natural Oils \/ Pomegranate Seed Oil<\/p>\n<table border=\"0\" width=\"496\" cellspacing=\"1\" cellpadding=\"2\">\n<tbody>\n<tr>\n<td><strong>Production Technique<\/strong><\/td>\n<td>Cold press. Obtained by mechanical method without heat treatment and chemicals.<\/td>\n<\/tr>\n<tr>\n<td><strong>Table of Contents<\/strong><\/td>\n<td>%100 Nar \u00c7ekirde\u011fi Ya\u011f\u0131<br \/>\nFree of additives and preservatives.<\/td>\n<\/tr>\n<tr>\n<td><strong>Packaging<\/strong><\/td>\n<td>Honey-colored medicine bottle + Cylinder<\/td>\n<\/tr>\n<tr>\n<td><strong>Fatty Acids<\/strong><br \/>\n<strong>Composition<\/strong><\/td>\n<td>\n<ul>\n<li>Myristic Acid - 0.09<\/li>\n<li>Palmitic Acid - 3.29<\/li>\n<li>Palmitoleic Acid - 0.1<\/li>\n<li>Margaric Acid - 0.05<\/li>\n<li>Stearic Acid - 2.13<\/li>\n<li>Oleic Acid - 8.66<\/li>\n<li>Linoleic Acid - 5.81<\/li>\n<li>Linolenic Acid - 0.06<\/li>\n<li>Arachidic Acid - 0.42<\/li>\n<li>Echosenoic Acid - 0.70<\/li>\n<li>Punicic Acid - 78.67<\/li>\n<\/ul>\n<\/td>\n<\/tr>\n<tr>\n<td><strong>Storage Conditions<\/strong><\/td>\n<td>Store in refrigerator conditions.<\/td>\n<\/tr>\n<tr>\n<td><strong>Usage Advice<\/strong><\/td>\n<td>It can be added to salads and sauces.<\/td>\n<\/tr>\n<\/tbody>\n<\/table>","protected":false},"excerpt":{"rendered":"<div class=\"neoproductheader\">\n<p>Available in 50 ml. packages.<\/p>\n<p><strong>Expert Opinion<\/strong><\/p>\n<p><strong>Latin Plant Name:<\/strong>\u00a0Punica granata<br \/>\n<strong>Drog Name<\/strong>\u00a0Punicae granatae seminae oleum<\/p>\n<ul>\n<li>Obtained by cold press technique. Does not contain preservatives and additives.<\/li>\n<li>Pomegranate Seed Oil is high in Vitamin E. It contains polyphenols with antioxidant properties at a ratio of %0,6.<\/li>\n<li>It is registered as a functional food.<\/li>\n<\/ul>\n<\/div>","protected":false},"featured_media":6104,"comment_status":"open","ping_status":"closed","template":"","meta":{"om_disable_all_campaigns":false},"product_brand":[],"product_cat":[169],"product_tag":[171,172,173,174,175,176,208,177,178,179,180,181,183,184,185,186],"class_list":{"0":"post-6103","1":"product","2":"type-product","3":"status-publish","4":"has-post-thumbnail","6":"product_cat-dogal-yaglar","7":"product_tag-bitkisel-yag","8":"product_tag-bukas","9":"product_tag-dogal","10":"product_tag-dogal-yag","11":"product_tag-ekolojik","12":"product_tag-katkisiz","13":"product_tag-nar-cekirdegi-yagi","14":"product_tag-naturel","15":"product_tag-omega-3","16":"product_tag-omega-6","17":"product_tag-omega-9","18":"product_tag-organik","19":"product_tag-organik-yag","20":"product_tag-sabit-yag","21":"product_tag-sizma","22":"product_tag-soguk-pres","24":"first","25":"instock","26":"shipping-taxable","27":"purchasable","28":"product-type-simple"},"_links":{"self":[{"href":"https:\/\/bukas.com.tr\/en\/wp-json\/wp\/v2\/product\/6103","targetHints":{"allow":["GET"]}}],"collection":[{"href":"https:\/\/bukas.com.tr\/en\/wp-json\/wp\/v2\/product"}],"about":[{"href":"https:\/\/bukas.com.tr\/en\/wp-json\/wp\/v2\/types\/product"}],"replies":[{"embeddable":true,"href":"https:\/\/bukas.com.tr\/en\/wp-json\/wp\/v2\/comments?post=6103"}],"version-history":[{"count":1,"href":"https:\/\/bukas.com.tr\/en\/wp-json\/wp\/v2\/product\/6103\/revisions"}],"predecessor-version":[{"id":6769,"href":"https:\/\/bukas.com.tr\/en\/wp-json\/wp\/v2\/product\/6103\/revisions\/6769"}],"wp:featuredmedia":[{"embeddable":true,"href":"https:\/\/bukas.com.tr\/en\/wp-json\/wp\/v2\/media\/6104"}],"wp:attachment":[{"href":"https:\/\/bukas.com.tr\/en\/wp-json\/wp\/v2\/media?parent=6103"}],"wp:term":[{"taxonomy":"product_brand","embeddable":true,"href":"https:\/\/bukas.com.tr\/en\/wp-json\/wp\/v2\/product_brand?post=6103"},{"taxonomy":"product_cat","embeddable":true,"href":"https:\/\/bukas.com.tr\/en\/wp-json\/wp\/v2\/product_cat?post=6103"},{"taxonomy":"product_tag","embeddable":true,"href":"https:\/\/bukas.com.tr\/en\/wp-json\/wp\/v2\/product_tag?post=6103"}],"curies":[{"name":"wp","href":"https:\/\/api.w.org\/{rel}","templated":true}]}}