{"id":6111,"date":"2024-03-04T13:01:41","date_gmt":"2024-03-04T13:01:41","guid":{"rendered":"https:\/\/bukas.com.tr\/?post_type=product&#038;p=6111"},"modified":"2025-01-08T07:17:25","modified_gmt":"2025-01-08T07:17:25","slug":"organik-naturel-sizma-zeytinyagi","status":"publish","type":"product","link":"https:\/\/bukas.com.tr\/en\/product\/organik-naturel-sizma-zeytinyagi\/","title":{"rendered":"Organic Extra Virgin Olive Oil"},"content":{"rendered":"<p>Natural Oils \/ Organic Extra Virgin Olive Oil<\/p>\n<table class=\"text\" border=\"0\" width=\"100%\" cellspacing=\"0\" cellpadding=\"3\">\n<tbody>\n<tr>\n<td><strong>Organic product certified by Bio Inspecta.\u00a0<\/strong><\/td>\n<\/tr>\n<\/tbody>\n<\/table>\n<table class=\"text\" border=\"0\" width=\"100%\" cellspacing=\"0\" cellpadding=\"3\">\n<tbody>\n<tr valign=\"top\">\n<td><strong>Table of Contents<\/strong><\/td>\n<td>% 100% Olive Oil. Does not contain additives and preservatives.<\/td>\n<\/tr>\n<tr valign=\"top\">\n<td><strong>Free Fatty Acidity<\/strong><\/td>\n<td>% is below 1( in oleic acid)<\/td>\n<\/tr>\n<tr valign=\"top\">\n<td><strong>Storage Conditions<\/strong><\/td>\n<td>Store in the refrigerator after opening.<\/td>\n<\/tr>\n<tr valign=\"top\">\n<td><strong>How to use<\/strong><\/td>\n<td>It should be consumed without heat treatment.<\/td>\n<\/tr>\n<\/tbody>\n<\/table>","protected":false},"excerpt":{"rendered":"<p>500 ya da 250 ml. normal ve 250 ml. Butik \u015ei\u015fe ambalajlar\u0131nda sat\u0131\u015fa sunulmaktad\u0131r.<\/p>\n<p><strong>Expert Opinion<\/strong><\/p>\n<p><strong>OLIVE OIL (Olivae oleum)<\/strong><\/p>\n<ul>\n<li>The ripe fruits of the olive tree are cold pressed to produce a stable oil rich in vitamin E.<\/li>\n<li>Ya\u011f\u0131n bile\u015fiminde %65 ila %86 kadar, doymam\u0131\u015f ya\u011f asitlerinden Oleik asit (Omega 9) ve %15 kadar Linoleik asit (Omega 6) vard\u0131r.<\/li>\n<li>Due to its natural structure, this oil is capable of freezing between 0 \u00b0C and 9 \u00b0C.<\/li>\n<\/ul>","protected":false},"featured_media":6122,"comment_status":"open","ping_status":"closed","template":"","meta":{"om_disable_all_campaigns":false},"product_brand":[],"product_cat":[169],"product_tag":[171,172,173,174,175,176,177,212,178,179,180,181,213,183,214,184,185,215],"class_list":{"0":"post-6111","1":"product","2":"type-product","3":"status-publish","4":"has-post-thumbnail","6":"product_cat-dogal-yaglar","7":"product_tag-bitkisel-yag","8":"product_tag-bukas","9":"product_tag-dogal","10":"product_tag-dogal-yag","11":"product_tag-ekolojik","12":"product_tag-katkisiz","13":"product_tag-naturel","14":"product_tag-naturel-zeytinyagi","15":"product_tag-omega-3","16":"product_tag-omega-6","17":"product_tag-omega-9","18":"product_tag-organik","19":"product_tag-organik-naturel-sizma-zeytinyagi","20":"product_tag-organik-yag","21":"product_tag-organik-zeytinyagi","22":"product_tag-sabit-yag","23":"product_tag-sizma","24":"product_tag-sizma-zeytinyagi","26":"first","27":"instock","28":"shipping-taxable","29":"purchasable","30":"product-type-variable"},"_links":{"self":[{"href":"https:\/\/bukas.com.tr\/en\/wp-json\/wp\/v2\/product\/6111","targetHints":{"allow":["GET"]}}],"collection":[{"href":"https:\/\/bukas.com.tr\/en\/wp-json\/wp\/v2\/product"}],"about":[{"href":"https:\/\/bukas.com.tr\/en\/wp-json\/wp\/v2\/types\/product"}],"replies":[{"embeddable":true,"href":"https:\/\/bukas.com.tr\/en\/wp-json\/wp\/v2\/comments?post=6111"}],"version-history":[{"count":1,"href":"https:\/\/bukas.com.tr\/en\/wp-json\/wp\/v2\/product\/6111\/revisions"}],"predecessor-version":[{"id":6735,"href":"https:\/\/bukas.com.tr\/en\/wp-json\/wp\/v2\/product\/6111\/revisions\/6735"}],"wp:featuredmedia":[{"embeddable":true,"href":"https:\/\/bukas.com.tr\/en\/wp-json\/wp\/v2\/media\/6122"}],"wp:attachment":[{"href":"https:\/\/bukas.com.tr\/en\/wp-json\/wp\/v2\/media?parent=6111"}],"wp:term":[{"taxonomy":"product_brand","embeddable":true,"href":"https:\/\/bukas.com.tr\/en\/wp-json\/wp\/v2\/product_brand?post=6111"},{"taxonomy":"product_cat","embeddable":true,"href":"https:\/\/bukas.com.tr\/en\/wp-json\/wp\/v2\/product_cat?post=6111"},{"taxonomy":"product_tag","embeddable":true,"href":"https:\/\/bukas.com.tr\/en\/wp-json\/wp\/v2\/product_tag?post=6111"}],"curies":[{"name":"wp","href":"https:\/\/api.w.org\/{rel}","templated":true}]}}