{"id":6140,"date":"2024-03-04T14:18:08","date_gmt":"2024-03-04T14:18:08","guid":{"rendered":"https:\/\/bukas.com.tr\/?post_type=product&#038;p=6140"},"modified":"2025-12-24T07:13:15","modified_gmt":"2025-12-24T07:13:15","slug":"toz-isirganotu-tohumu","status":"publish","type":"product","link":"https:\/\/bukas.com.tr\/en\/product\/toz-isirganotu-tohumu\/","title":{"rendered":"Powdered Nettle Seed"},"content":{"rendered":"<p>Vegetable Proteins \/ Powdered Nettle Seed<\/p>\n<table class=\"text\" border=\"0\" width=\"100%\" cellspacing=\"0\" cellpadding=\"3\">\n<tbody>\n<tr valign=\"top\">\n<td><strong>Production Technique<\/strong><\/td>\n<td>Produced by mechanical method without heat treatment.<\/td>\n<\/tr>\n<tr valign=\"top\">\n<td><strong>Table of Contents<\/strong><\/td>\n<td>% 100 Nettle Seeds.<br \/>\nDoes not contain additives and preservatives.<\/td>\n<\/tr>\n<tr valign=\"top\">\n<td><strong>Storage Conditions<\/strong><\/td>\n<td>Store in the refrigerator after opening. Do not keep the product in its packaging for a long time.<\/td>\n<\/tr>\n<tr valign=\"top\">\n<td><strong>How to use<\/strong><\/td>\n<td>It should be consumed raw.<\/td>\n<\/tr>\n<\/tbody>\n<\/table>\n<p>&nbsp;<\/p>\n<table class=\"text\" cellspacing=\"0\" cellpadding=\"0\">\n<tbody>\n<tr>\n<td valign=\"top\" width=\"102\"><strong>Energy and Nutrients<\/strong><\/td>\n<td valign=\"top\" width=\"82\"><strong>Reduced Fat\u00a0<\/strong><strong>100 g<\/strong><\/td>\n<\/tr>\n<tr>\n<td valign=\"top\" width=\"102\">Energy -kcal<\/td>\n<td valign=\"top\" width=\"82\">\n<p align=\"right\">253,81<\/p>\n<\/td>\n<\/tr>\n<tr>\n<td valign=\"top\" width=\"102\">Protein<\/td>\n<td valign=\"top\" width=\"82\">\n<p align=\"right\">32,59<\/p>\n<\/td>\n<\/tr>\n<tr>\n<td valign=\"top\" width=\"102\">Carbohydrate<\/td>\n<td valign=\"top\" width=\"82\">\n<p align=\"right\">11,49<\/p>\n<\/td>\n<\/tr>\n<tr>\n<td valign=\"top\" width=\"102\">Oil<\/td>\n<td valign=\"top\" width=\"82\">\n<p align=\"right\">8,61<\/p>\n<\/td>\n<\/tr>\n<\/tbody>\n<\/table>","protected":false},"excerpt":{"rendered":"<div class=\"neoproductheader\">\n<div class=\"neoproductheader\">\n<p><strong>Expert Opinion<\/strong><\/p>\n<ul>\n<li>Powdered Nettle seed is rich in oligosaccharides, oligosaccharides, minerals such as Calcium, Potassium and Silica acid, with a fixed oil reduced to around % 8-10 and a protein content of % 30.<\/li>\n<li>Gran\u00fcl\u00fcnde \u00f6zellikle %30u a\u015fan kaliteli bir protein fonksiyonu, %8,5 kadar ya\u011f ve \u00f6nemli miktarda oligo\u015fekerlerin varl\u0131\u011f\u0131 s\u00f6z konusudur.<\/li>\n<li>It can be used directly as a dietary supplement or mixed with pure honey, royal jelly and propolis.<\/li>\n<\/ul>\n<\/div>\n<\/div>","protected":false},"featured_media":6141,"comment_status":"open","ping_status":"closed","template":"","meta":{"om_disable_all_campaigns":false},"product_brand":[],"product_cat":[220],"product_tag":[221,222,172,173,175,223,224,225,176,177,181,226,227,228],"class_list":{"0":"post-6140","1":"product","2":"type-product","3":"status-publish","4":"has-post-thumbnail","6":"product_cat-bitkisel-proteinler","7":"product_tag-bitki-cayi","8":"product_tag-bitkisel-protein","9":"product_tag-bukas","10":"product_tag-dogal","11":"product_tag-ekolojik","12":"product_tag-granul-isirganotu","13":"product_tag-isirganotu","14":"product_tag-isirganotu-tohumu","15":"product_tag-katkisiz","16":"product_tag-naturel","17":"product_tag-organik","18":"product_tag-organik-cay","19":"product_tag-organik-sertifikali","20":"product_tag-toz-isirganotu","22":"first","23":"outofstock","24":"shipping-taxable","25":"purchasable","26":"product-type-simple"},"_links":{"self":[{"href":"https:\/\/bukas.com.tr\/en\/wp-json\/wp\/v2\/product\/6140","targetHints":{"allow":["GET"]}}],"collection":[{"href":"https:\/\/bukas.com.tr\/en\/wp-json\/wp\/v2\/product"}],"about":[{"href":"https:\/\/bukas.com.tr\/en\/wp-json\/wp\/v2\/types\/product"}],"replies":[{"embeddable":true,"href":"https:\/\/bukas.com.tr\/en\/wp-json\/wp\/v2\/comments?post=6140"}],"version-history":[{"count":1,"href":"https:\/\/bukas.com.tr\/en\/wp-json\/wp\/v2\/product\/6140\/revisions"}],"predecessor-version":[{"id":6772,"href":"https:\/\/bukas.com.tr\/en\/wp-json\/wp\/v2\/product\/6140\/revisions\/6772"}],"wp:featuredmedia":[{"embeddable":true,"href":"https:\/\/bukas.com.tr\/en\/wp-json\/wp\/v2\/media\/6141"}],"wp:attachment":[{"href":"https:\/\/bukas.com.tr\/en\/wp-json\/wp\/v2\/media?parent=6140"}],"wp:term":[{"taxonomy":"product_brand","embeddable":true,"href":"https:\/\/bukas.com.tr\/en\/wp-json\/wp\/v2\/product_brand?post=6140"},{"taxonomy":"product_cat","embeddable":true,"href":"https:\/\/bukas.com.tr\/en\/wp-json\/wp\/v2\/product_cat?post=6140"},{"taxonomy":"product_tag","embeddable":true,"href":"https:\/\/bukas.com.tr\/en\/wp-json\/wp\/v2\/product_tag?post=6140"}],"curies":[{"name":"wp","href":"https:\/\/api.w.org\/{rel}","templated":true}]}}