{"id":6175,"date":"2024-03-04T15:17:43","date_gmt":"2024-03-04T15:17:43","guid":{"rendered":"https:\/\/bukas.com.tr\/?post_type=product&#038;p=6175"},"modified":"2025-12-24T06:58:11","modified_gmt":"2025-12-24T06:58:11","slug":"organik-kusburnu-elma-karisik-meyve","status":"publish","type":"product","link":"https:\/\/bukas.com.tr\/en\/product\/organik-kusburnu-elma-karisik-meyve\/","title":{"rendered":"Organic Rosehip - Apple Mixed Fruit"},"content":{"rendered":"<p>Organic Herbal and Fruit Teas, Oil Seeds \/ Organic Rosehip - Apple Mixed Fruit<\/p>\n<table class=\"text\" border=\"0\" width=\"100%\" cellspacing=\"0\" cellpadding=\"3\">\n<tbody>\n<tr valign=\"top\">\n<td colspan=\"2\"><strong>Organic product certified by Bio Inspecta.<br \/>\n<\/strong><\/td>\n<\/tr>\n<tr valign=\"top\">\n<td><strong>Table of Contents<\/strong><\/td>\n<td>% 100% Organic Rosehip, Dried Apple. Does not contain additives and preservatives.<\/td>\n<\/tr>\n<tr valign=\"top\">\n<td nowrap=\"nowrap\"><strong>Storage Conditions<\/strong><\/td>\n<td>Store in the refrigerator after opening.<\/td>\n<\/tr>\n<tr valign=\"top\">\n<td nowrap=\"nowrap\"><strong>Usage Advice<\/strong><\/td>\n<td>1 tablespoon rosehip apple mixed fruit tea is brewed with 1 cup boiling water for 10 minutes. After straining, it is ready to drink. Coffee machines can be preferred for best results.<\/td>\n<\/tr>\n<\/tbody>\n<\/table>","protected":false},"excerpt":{"rendered":"<div class=\"neoproductheader\">\n<p>It is offered for sale in 150 gr. packages.<\/p>\n<p><strong>Expert Opinion<\/strong><\/p>\n<p><strong>Rosehip Rosa canina - Rosae pseudofructus<\/strong><br \/>\n<strong>Dried apple Malus communis - Mali communi fructus<\/strong><\/p>\n<ul>\n<li>Ku\u015fburnu i\u00e7erdi\u011fi meyve asitleri (ba\u015fta % 0.3 civar\u0131nda Askorbikasit) ve beraberinde %15 kadar pektin, Gallikasit t\u00fcrevleri ve az miktarda flavon glikozitleri, antosiyan, karatinoidler i\u00e7erir.<\/li>\n<li>% 100% Organic Rosehip, Apple Dried.<\/li>\n<li>Does not contain additives and preservatives.<\/li>\n<li><strong>Storage Conditions:<\/strong>\u00a0Store in the refrigerator after opening.<\/li>\n<li><strong>Usage Advice:<\/strong>\u00a01 tablespoon rosehip apple mixed fruit tea is brewed with 1 cup boiling water for 10 minutes. After straining, it is ready to drink. Coffee machines can be preferred for best results.<\/li>\n<\/ul>\n<\/div>","protected":false},"featured_media":6176,"comment_status":"open","ping_status":"closed","template":"","meta":{"om_disable_all_campaigns":false},"product_brand":[],"product_cat":[240],"product_tag":[221,222,172,173,175,249,176,177,181,226,250,227],"class_list":{"0":"post-6175","1":"product","2":"type-product","3":"status-publish","4":"has-post-thumbnail","6":"product_cat-organik-bitki-ve-meyve-caylari","7":"product_tag-bitki-cayi","8":"product_tag-bitkisel-protein","9":"product_tag-bukas","10":"product_tag-dogal","11":"product_tag-ekolojik","12":"product_tag-karisik-meyve-cayi","13":"product_tag-katkisiz","14":"product_tag-naturel","15":"product_tag-organik","16":"product_tag-organik-cay","17":"product_tag-organik-kusburnu-elma-karisik-meyve-cayi","18":"product_tag-organik-sertifikali","20":"first","21":"instock","22":"shipping-taxable","23":"purchasable","24":"product-type-simple"},"_links":{"self":[{"href":"https:\/\/bukas.com.tr\/en\/wp-json\/wp\/v2\/product\/6175","targetHints":{"allow":["GET"]}}],"collection":[{"href":"https:\/\/bukas.com.tr\/en\/wp-json\/wp\/v2\/product"}],"about":[{"href":"https:\/\/bukas.com.tr\/en\/wp-json\/wp\/v2\/types\/product"}],"replies":[{"embeddable":true,"href":"https:\/\/bukas.com.tr\/en\/wp-json\/wp\/v2\/comments?post=6175"}],"version-history":[{"count":1,"href":"https:\/\/bukas.com.tr\/en\/wp-json\/wp\/v2\/product\/6175\/revisions"}],"predecessor-version":[{"id":6779,"href":"https:\/\/bukas.com.tr\/en\/wp-json\/wp\/v2\/product\/6175\/revisions\/6779"}],"wp:featuredmedia":[{"embeddable":true,"href":"https:\/\/bukas.com.tr\/en\/wp-json\/wp\/v2\/media\/6176"}],"wp:attachment":[{"href":"https:\/\/bukas.com.tr\/en\/wp-json\/wp\/v2\/media?parent=6175"}],"wp:term":[{"taxonomy":"product_brand","embeddable":true,"href":"https:\/\/bukas.com.tr\/en\/wp-json\/wp\/v2\/product_brand?post=6175"},{"taxonomy":"product_cat","embeddable":true,"href":"https:\/\/bukas.com.tr\/en\/wp-json\/wp\/v2\/product_cat?post=6175"},{"taxonomy":"product_tag","embeddable":true,"href":"https:\/\/bukas.com.tr\/en\/wp-json\/wp\/v2\/product_tag?post=6175"}],"curies":[{"name":"wp","href":"https:\/\/api.w.org\/{rel}","templated":true}]}}